{"id":428,"date":"2026-01-16T16:36:07","date_gmt":"2026-01-16T15:36:07","guid":{"rendered":"https:\/\/polsolide-housing.nl\/?page_id=428"},"modified":"2026-02-06T07:30:44","modified_gmt":"2026-02-06T06:30:44","slug":"zarzadzanie","status":"publish","type":"page","link":"https:\/\/polsolide-housing.nl\/en\/property-management\/","title":{"rendered":"Management"},"content":{"rendered":"<div data-elementor-type=\"wp-page\" data-elementor-id=\"428\" class=\"elementor elementor-428\">\n\t\t\t\t<div class=\"elementor-element elementor-element-adb3074 e-con-full e-flex wpr-particle-no wpr-jarallax-no wpr-parallax-no wpr-sticky-section-no e-con e-parent\" data-id=\"adb3074\" data-element_type=\"container\" data-e-type=\"container\">\n\t\t\t\t<div class=\"elementor-element elementor-element-e3ecf7f elementor-widget elementor-widget-html\" data-id=\"e3ecf7f\" data-element_type=\"widget\" data-e-type=\"widget\" data-widget_type=\"html.default\">\n\t\t\t\t\t<!-- Import styl\u00f3w -->\r\n<link href=\"https:\/\/fonts.googleapis.com\/css2?family=Montserrat:wght@300;400;600;700&display=swap\" rel=\"stylesheet\">\r\n<!-- Import FontAwesome (Ikony Elementora) -->\r\n<link rel=\"stylesheet\" href=\"https:\/\/cdnjs.cloudflare.com\/ajax\/libs\/font-awesome\/6.4.0\/css\/all.min.css\">\r\n\r\n<style>\r\n    \/* BAZA *\/\r\n    body, h1, h2, h3, h4, p, a, li {\r\n        font-family: 'Montserrat', sans-serif !important;\r\n    }\r\n\r\n    #management-page {\r\n        color: #333;\r\n        line-height: 1.7;\r\n        background: #fff;\r\n        width: 100%;\r\n        overflow-x: hidden;\r\n    }\r\n\r\n    #management-page * { box-sizing: border-box; }\r\n\r\n    .lp-container { max-width: 1100px; margin: 0 auto; padding: 0 20px; }\r\n\r\n    \/* 1. HERO *\/\r\n    .lp-hero { \r\n        background-color: #1a1a1a; \r\n        padding: 90px 0; \r\n        text-align: center; \r\n        color: #fff;\r\n        position: relative;\r\n    }\r\n    \r\n    .lp-hero::after {\r\n        content: ''; position: absolute; bottom: 0; left: 50%; transform: translateX(-50%);\r\n        width: 100px; height: 4px; background-color: #aa161e;\r\n    }\r\n\r\n    .lp-h1 { font-size: 42px; font-weight: 700; margin: 0 0 20px 0; line-height: 1.2; color: #fff; }\r\n    .lp-h1 span { color: #aa161e; }\r\n    \r\n    .lp-lead { font-size: 18px; color: #ccc; max-width: 800px; margin: 0 auto 35px auto; font-weight: 300; }\r\n    \r\n    .lp-btn { \r\n        display: inline-block; background-color: #aa161e; color: #fff; padding: 16px 40px; \r\n        font-weight: 700; text-decoration: none; border-radius: 2px; text-transform: uppercase; \r\n        font-size: 14px; letter-spacing: 0.5px; transition: background 0.2s; border: 1px solid #aa161e;\r\n    }\r\n    .lp-btn:hover { background-color: transparent; color: #aa161e; }\r\n\r\n    \/* 2. MODEL WSP\u00d3\u0141PRACY (3 KROKI) *\/\r\n    .lp-model { padding: 80px 0; background-color: #fff; }\r\n\r\n    .model-grid {\r\n        display: grid;\r\n        grid-template-columns: repeat(3, 1fr);\r\n        gap: 30px;\r\n    }\r\n\r\n    .model-card {\r\n        background: #fff;\r\n        padding: 40px 30px;\r\n        border: 1px solid #eee;\r\n        border-radius: 4px;\r\n        transition: transform 0.3s;\r\n        text-align: left;\r\n        position: relative;\r\n        overflow: hidden;\r\n    }\r\n\r\n    .model-card:hover {\r\n        transform: translateY(-5px);\r\n        box-shadow: 0 15px 40px rgba(0,0,0,0.08);\r\n        border-top: 4px solid #aa161e;\r\n    }\r\n\r\n    \/* Ikona w tle karty *\/\r\n    .card-icon-bg {\r\n        position: absolute;\r\n        top: -10px;\r\n        right: -10px;\r\n        font-size: 80px;\r\n        color: #f7f7f7;\r\n        z-index: 0;\r\n    }\r\n\r\n    .model-num { font-size: 40px; font-weight: 800; color: #aa161e; line-height: 1; margin-bottom: 20px; position: relative; z-index: 1; opacity: 0.2; }\r\n    .model-title { font-size: 20px; font-weight: 700; margin-bottom: 15px; color: #000; position: relative; z-index: 1; }\r\n    .model-text { font-size: 15px; color: #666; position: relative; z-index: 1; }\r\n\r\n    \/* 3. CONTENT SEO (STRATEGIA) *\/\r\n    .lp-content-section { padding: 80px 0; background-color: #f4f4f4; }\r\n    \r\n    .content-wrapper { \r\n        background: #fff; padding: 50px; border-radius: 4px; \r\n        box-shadow: 0 5px 20px rgba(0,0,0,0.05); \r\n    }\r\n    \r\n    .lp-h2 { \r\n        font-size: 30px; font-weight: 700; margin-top: 50px; margin-bottom: 25px; color: #1a1a1a; \r\n        border-left: 5px solid #aa161e; padding-left: 20px; \r\n    }\r\n    .lp-h2:first-child { margin-top: 0; }\r\n    \r\n    .seo-p { margin-bottom: 25px; font-size: 16px; text-align: justify; color: #444; }\r\n    .seo-p strong { color: #000; font-weight: 700; }\r\n\r\n    \/* Lista Korzy\u015bci *\/\r\n    .benefits-list {\r\n        list-style: none; padding: 0; margin: 30px 0;\r\n        display: grid; grid-template-columns: 1fr 1fr; gap: 20px;\r\n    }\r\n\r\n    .benefits-list li {\r\n        display: flex; align-items: flex-start; font-size: 15px; color: #333; font-weight: 500;\r\n    }\r\n    \r\n    \/* Ikony listy *\/\r\n    .benefits-list i {\r\n        color: #aa161e;\r\n        margin-right: 12px;\r\n        font-size: 18px;\r\n        margin-top: 4px;\r\n    }\r\n\r\n    \/* 4. TECHNICZNY BOX *\/\r\n    .tech-box {\r\n        background-color: #1a1a1a;\r\n        color: #fff;\r\n        padding: 40px;\r\n        margin: 40px 0;\r\n        border-radius: 4px;\r\n        display: flex;\r\n        align-items: center;\r\n        gap: 40px;\r\n    }\r\n\r\n    .tech-icon { font-size: 50px; color: #aa161e; flex-shrink: 0; }\r\n    .tech-info h3 { margin: 0 0 10px 0; font-size: 22px; color: #fff; }\r\n    .tech-info p { margin: 0; color: #ccc; font-size: 15px; }\r\n\r\n    \/* 5. CTA *\/\r\n    .lp-cta-section { padding: 60px 0; text-align: center; }\r\n\r\n    \/* MOBILE *\/\r\n    @media (max-width: 768px) {\r\n        .lp-h1 { font-size: 32px; }\r\n        .model-grid { grid-template-columns: 1fr; }\r\n        .benefits-list { grid-template-columns: 1fr; }\r\n        .tech-box { flex-direction: column; text-align: center; }\r\n        .content-wrapper { padding: 25px; }\r\n    }\r\n<\/style>\r\n\r\n<div id=\"management-page\">\r\n    \r\n    <!-- 1. HERO -->\r\n    <section class=\"lp-hero\">\r\n        <div class=\"lp-container\">\r\n            <h1 class=\"lp-h1\">Real Estate Management <br><span>in the Netherlands<\/span><\/h1>\r\n            <p class=\"lp-lead\">\r\n                Turn vacant properties into passive income. Rent guarantee, full maintenance and legal security.\r\n                Work with the leader in B2B accommodation.\r\n            <\/p>\r\n            <a href=\"https:\/\/polsolide-housing.nl\/en\/contact\/\" class=\"lp-btn\">\r\n                Report a property\r\n            <\/a>\r\n        <\/div>\r\n    <\/section>\r\n\r\n    <!-- 2. MODEL WSP\u00d3\u0141PRACY -->\r\n    <section class=\"lp-model\">\r\n        <div class=\"lp-container\">\r\n            <h2 style=\"text-align:center; margin-bottom:50px; font-weight:700; font-size:28px;\">How does it work? Hands-off model\"<\/h2>\r\n            <div class=\"model-grid\">\r\n                \r\n                <!-- Krok 1 -->\r\n                <div class=\"model-card\">\r\n                    <i class=\"fa-solid fa-file-signature card-icon-bg\"><\/i>\r\n                    <div class=\"model-num\">01<\/div>\r\n                    <h3 class=\"model-title\">Audit and Rental<\/h3>\r\n                    <p class=\"model-text\">We view your property. If it meets our requirements, we sign the lease directly with POLSOLIDE. From then on, we are your tenant.<\/p>\r\n                <\/div>\r\n                \r\n                <!-- Krok 2 -->\r\n                <div class=\"model-card\">\r\n                    <i class=\"fa-solid fa-hand-holding-dollar card-icon-bg\"><\/i>\r\n                    <div class=\"model-num\">02<\/div>\r\n                    <h3 class=\"model-title\">Rent guarantee<\/h3>\r\n                    <p class=\"model-text\">We pay monthly, regardless of occupancy. We take on the risk of vacancy. You have the certainty of steady payments into your account without delays.<\/p>\r\n                <\/div>\r\n                \r\n                <!-- Krok 3 -->\r\n                <div class=\"model-card\">\r\n                    <i class=\"fa-solid fa-house-lock card-icon-bg\"><\/i>\r\n                    <div class=\"model-num\">03<\/div>\r\n                    <h3 class=\"model-title\">Full Management<\/h3>\r\n                    <p class=\"model-text\">We take over: minor repairs, SNF inspections, cleaning, contact with neighbours. You only invoice once a month.<\/p>\r\n                <\/div>\r\n\r\n            <\/div>\r\n        <\/div>\r\n    <\/section>\r\n\r\n    <!-- 3. CONTENT SEO -->\r\n    <section class=\"lp-content-section\">\r\n        <div class=\"lp-container\">\r\n            <div class=\"content-wrapper\">\r\n                \r\n                <h2 class=\"lp-h2\">Secure rental of property for companies in the Netherlands<\/h2>\r\n                \r\n                <p class=\"seo-p\">\r\n                    Owning an investment property in the Netherlands is a great capital investment, but managing it can be cumbersome. Problems with tenants, damage, calls in the night about breakdowns or complicated laws protecting private tenants - this is the daily reality for many landlords.\r\n                <\/p>\r\n                <p class=\"seo-p\">\r\n                    Model of cooperation with <strong>POLSOLIDE<\/strong> eliminates these risks. When you rent a flat to us, you sign a B2B contract with a proven Dutch company. We become the guarantor of the payment and the condition of the property. Our aim is to keep your property in perfect condition as it serves as a showcase for our corporate clients.\r\n                <\/p>\r\n\r\n                <h2 class=\"lp-h2\">Why entrust us with management?<\/h2>\r\n                \r\n                <ul class=\"benefits-list\">\r\n                    <li>\r\n                        <i class=\"fa-solid fa-check\"><\/i>\r\n                        <span><strong>Zero vacancy:<\/strong> We pay rent even when no one lives in the flat.<\/span>\r\n                    <\/li>\r\n                    <li>\r\n                        <i class=\"fa-solid fa-check\"><\/i>\r\n                        <span><strong>No commission costs:<\/strong> We do not charge a tenant finding fee.<\/span>\r\n                    <\/li>\r\n                    <li>\r\n                        <i class=\"fa-solid fa-check\"><\/i>\r\n                        <span><strong>Minor repairs on our side:<\/strong> Our technical department will rectify faults up to \u20ac150.<\/span>\r\n                    <\/li>\r\n                    <li>\r\n                        <i class=\"fa-solid fa-check\"><\/i>\r\n                        <span><strong>Regular inspections:<\/strong> Our coordinators visit the venues every week.<\/span>\r\n                    <\/li>\r\n                <\/ul>\r\n\r\n                <!-- TECHNICAL BOX -->\r\n                <div class=\"tech-box\">\r\n                    <div class=\"tech-icon\"><i class=\"fa-solid fa-screwdriver-wrench\"><\/i><\/div>\r\n                    <div class=\"tech-info\">\r\n                        <h3>Own Technical Department<\/h3>\r\n                        <p>We don't call you to ask \"how do I turn on the cooker?\". We have an in-house maintenance team who look after the condition of your property. We respond immediately, preventing more damage.<\/p>\r\n                    <\/div>\r\n                <\/div>\r\n\r\n                <h2 class=\"lp-h2\">SNF standards and safety<\/h2>\r\n                <p class=\"seo-p\">\r\n                    In the Netherlands, the rental of housing for temporary workers is strictly regulated. The property must meet standards <strong>SNF (Stichting Normering Flexwonen)<\/strong>.\r\n                <\/p>\r\n                <p class=\"seo-p\">\r\n                    When we take your property under management, we make sure that it meets all the requirements: from fire safety (fire extinguishers, detectors), to appropriate equipment and square footage per person. We carry out regular audits, so you can be sure that your property is being used in accordance with the law.\r\n                <\/p>\r\n\r\n            <\/div>\r\n\r\n            <!-- CTA -->\r\n            <div class=\"lp-cta-section\">\r\n                <h2 style=\"font-size:24px; font-weight:700; margin-bottom:20px;\">Do you own a property in the Netherlands?<\/h2>\r\n                <a href=\"https:\/\/polsolide-housing.nl\/en\/contact\/\" class=\"lp-btn\">\r\n                    Report a property\r\n                <\/a>\r\n            <\/div>\r\n\r\n        <\/div>\r\n    <\/section>\r\n<\/div>\t\t\t\t<\/div>\n\t\t\t\t<\/div>\n\t\t\t\t<\/div>","protected":false},"excerpt":{"rendered":"<p>Zarz\u0105dzanie Nieruchomo\u015bciami w Holandii Zamie\u0144 pustostany w pasywny doch\u00f3d. Gwarancja czynszu, pe\u0142na obs\u0142uga techniczna i bezpiecze\u0144stwo prawne. Wsp\u00f3\u0142pracuj z liderem zakwaterowania B2B. Zg\u0142o\u015b nieruchomo\u015b\u0107 Jak to dzia\u0142a? Model &#8222;Hands-off&#8221; 01 Audyt i Wynajem Ogl\u0105damy Twoj\u0105 nieruchomo\u015b\u0107. Je\u015bli spe\u0142nia nasze wymogi, podpisujemy umow\u0119 najmu bezpo\u015brednio z POLSOLIDE. Od tego momentu to my jeste\u015bmy Twoim najemc\u0105. 02 Gwarancja Czynszu P\u0142acimy co miesi\u0105c, niezale\u017cnie od ob\u0142o\u017cenia. Ryzyko pustostanu bierzemy na siebie. Masz pewno\u015b\u0107 sta\u0142ych wp\u0142yw\u00f3w na konto bez op\u00f3\u017anie\u0144. 03 Pe\u0142ne Zarz\u0105dzanie Przejmujemy obowi\u0105zki: drobne naprawy, inspekcje SNF, sprz\u0105tanie, kontakt z s\u0105siadami. Ty tylko wystawiasz faktur\u0119 raz w miesi\u0105cu. Bezpieczny wynajem nieruchomo\u015bci dla firm w Holandii Posiadanie nieruchomo\u015bci inwestycyjnej w Holandii to \u015bwietna lokata kapita\u0142u, ale zarz\u0105dzanie ni\u0105 bywa uci\u0105\u017cliwe. Problemy z lokatorami, uszkodzenia, telefony w nocy o awariach czy skomplikowane prawo chroni\u0105ce najemc\u00f3w prywatnych \u2013 to codzienno\u015b\u0107 wielu w\u0142a\u015bcicieli. Model wsp\u00f3\u0142pracy z POLSOLIDE eliminuje te ryzyka. Wynajmuj\u0105c mieszkanie nam, podpisujesz umow\u0119 B2B ze sprawdzon\u0105 firm\u0105 holendersk\u0105. To my stajemy si\u0119 gwarantem p\u0142atno\u015bci i stanu technicznego lokalu. Nasz cel to utrzymanie Twojej nieruchomo\u015bci w idealnym stanie, poniewa\u017c s\u0142u\u017cy ona jako wizyt\u00f3wka dla naszych klient\u00f3w korporacyjnych. Dlaczego warto powierzy\u0107 nam zarz\u0105dzanie? Zero pustostan\u00f3w: P\u0142acimy czynsz nawet, gdy w mieszkaniu nikt nie mieszka. Brak koszt\u00f3w prowizji: Nie pobieramy op\u0142at za znalezienie najemcy. Drobne naprawy po naszej stronie: Nasz dzia\u0142 techniczny usuwa usterki do kwoty 150\u20ac. Regularne kontrole: Nasi koordynatorzy odwiedzaj\u0105 lokale co tydzie\u0144. W\u0142asny Dzia\u0142 Techniczny Nie dzwonimy do Ciebie z pytaniem &#8222;jak w\u0142\u0105czy\u0107 piec?&#8221;. Posiadamy w\u0142asny zesp\u00f3\u0142 konserwator\u00f3w, kt\u00f3rzy dbaj\u0105 o stan techniczny nieruchomo\u015bci. Reagujemy natychmiast, zapobiegaj\u0105c wi\u0119kszym szkodom. Normy SNF i bezpiecze\u0144stwo W Holandii wynajem mieszka\u0144 dla pracownik\u00f3w tymczasowych podlega \u015bcis\u0142ym regulacjom. Nieruchomo\u015b\u0107 musi spe\u0142nia\u0107 normy SNF (Stichting Normering Flexwonen). Bior\u0105c Twoj\u0105 nieruchomo\u015b\u0107 w zarz\u0105dzanie, dbamy o to, by spe\u0142nia\u0142a ona wszystkie wymogi: od bezpiecze\u0144stwa po\u017carowego (ga\u015bnice, czujki), po odpowiednie wyposa\u017cenie i metra\u017c na osob\u0119. Przeprowadzamy regularne audyty, dzi\u0119ki czemu masz pewno\u015b\u0107, \u017ce Tw\u00f3j maj\u0105tek jest wykorzystywany zgodnie z prawem. Posiadasz nieruchomo\u015b\u0107 w Holandii? Zg\u0142o\u015b nieruchomo\u015b\u0107<\/p>","protected":false},"author":1,"featured_media":0,"parent":0,"menu_order":0,"comment_status":"closed","ping_status":"closed","template":"","meta":{"site-sidebar-layout":"no-sidebar","site-content-layout":"","ast-site-content-layout":"full-width-container","site-content-style":"default","site-sidebar-style":"default","ast-global-header-display":"","ast-banner-title-visibility":"","ast-main-header-display":"","ast-hfb-above-header-display":"","ast-hfb-below-header-display":"","ast-hfb-mobile-header-display":"","site-post-title":"disabled","ast-breadcrumbs-content":"","ast-featured-img":"disabled","footer-sml-layout":"","ast-disable-related-posts":"","theme-transparent-header-meta":"","adv-header-id-meta":"","stick-header-meta":"","header-above-stick-meta":"","header-main-stick-meta":"","header-below-stick-meta":"","astra-migrate-meta-layouts":"default","ast-page-background-enabled":"default","ast-page-background-meta":{"desktop":{"background-color":"var(--ast-global-color-5)","background-image":"","background-repeat":"repeat","background-position":"center center","background-size":"auto","background-attachment":"scroll","background-type":"","background-media":"","overlay-type":"","overlay-color":"","overlay-opacity":"","overlay-gradient":""},"tablet":{"background-color":"","background-image":"","background-repeat":"repeat","background-position":"center center","background-size":"auto","background-attachment":"scroll","background-type":"","background-media":"","overlay-type":"","overlay-color":"","overlay-opacity":"","overlay-gradient":""},"mobile":{"background-color":"","background-image":"","background-repeat":"repeat","background-position":"center center","background-size":"auto","background-attachment":"scroll","background-type":"","background-media":"","overlay-type":"","overlay-color":"","overlay-opacity":"","overlay-gradient":""}},"ast-content-background-meta":{"desktop":{"background-color":"var(--ast-global-color-4)","background-image":"","background-repeat":"repeat","background-position":"center center","background-size":"auto","background-attachment":"scroll","background-type":"","background-media":"","overlay-type":"","overlay-color":"","overlay-opacity":"","overlay-gradient":""},"tablet":{"background-color":"var(--ast-global-color-4)","background-image":"","background-repeat":"repeat","background-position":"center center","background-size":"auto","background-attachment":"scroll","background-type":"","background-media":"","overlay-type":"","overlay-color":"","overlay-opacity":"","overlay-gradient":""},"mobile":{"background-color":"var(--ast-global-color-4)","background-image":"","background-repeat":"repeat","background-position":"center center","background-size":"auto","background-attachment":"scroll","background-type":"","background-media":"","overlay-type":"","overlay-color":"","overlay-opacity":"","overlay-gradient":""}},"footnotes":""},"class_list":["post-428","page","type-page","status-publish","hentry"],"yoast_head":"<!-- This site is optimized with the Yoast SEO plugin v27.2 - https:\/\/yoast.com\/product\/yoast-seo-wordpress\/ -->\n<title>Zarz\u0105dzanie Nieruchomo\u015bciami w Holandii | Gwarancja Czynszu<\/title>\n<meta name=\"description\" content=\"Masz nieruchomo\u015b\u0107 w Holandii? Zle\u0107 nam zarz\u0105dzanie. Oferujemy gwarancj\u0119 czynszu, pe\u0142n\u0105 obs\u0142ug\u0119 techniczn\u0105 i dostosowanie do norm SNF.\" \/>\n<meta name=\"robots\" content=\"index, follow, max-snippet:-1, max-image-preview:large, max-video-preview:-1\" \/>\n<link rel=\"canonical\" href=\"https:\/\/polsolide-housing.nl\/en\/property-management\/\" \/>\n<meta property=\"og:locale\" content=\"en_GB\" \/>\n<meta property=\"og:type\" content=\"article\" \/>\n<meta property=\"og:title\" content=\"Zarz\u0105dzanie Nieruchomo\u015bciami w Holandii | Gwarancja Czynszu\" \/>\n<meta property=\"og:description\" content=\"Masz nieruchomo\u015b\u0107 w Holandii? Zle\u0107 nam zarz\u0105dzanie. Oferujemy gwarancj\u0119 czynszu, pe\u0142n\u0105 obs\u0142ug\u0119 techniczn\u0105 i dostosowanie do norm SNF.\" \/>\n<meta property=\"og:url\" content=\"https:\/\/polsolide-housing.nl\/en\/property-management\/\" \/>\n<meta property=\"og:site_name\" content=\"POLSOLIDE Housing in Netherlands\" \/>\n<meta property=\"article:modified_time\" content=\"2026-02-06T06:30:44+00:00\" \/>\n<meta name=\"twitter:card\" content=\"summary_large_image\" \/>\n<meta name=\"twitter:label1\" content=\"Estimated reading time\" \/>\n\t<meta name=\"twitter:data1\" content=\"18 minutes\" \/>\n<script type=\"application\/ld+json\" class=\"yoast-schema-graph\">{\"@context\":\"https:\/\/schema.org\",\"@graph\":[{\"@type\":\"WebPage\",\"@id\":\"https:\/\/polsolide-housing.nl\/zarzadzanie\/\",\"url\":\"https:\/\/polsolide-housing.nl\/zarzadzanie\/\",\"name\":\"Zarz\u0105dzanie Nieruchomo\u015bciami w Holandii | Gwarancja Czynszu\",\"isPartOf\":{\"@id\":\"https:\/\/polsolide-housing.nl\/#website\"},\"datePublished\":\"2026-01-16T15:36:07+00:00\",\"dateModified\":\"2026-02-06T06:30:44+00:00\",\"description\":\"Masz nieruchomo\u015b\u0107 w Holandii? Zle\u0107 nam zarz\u0105dzanie. Oferujemy gwarancj\u0119 czynszu, pe\u0142n\u0105 obs\u0142ug\u0119 techniczn\u0105 i dostosowanie do norm SNF.\",\"breadcrumb\":{\"@id\":\"https:\/\/polsolide-housing.nl\/zarzadzanie\/#breadcrumb\"},\"inLanguage\":\"en-GB\",\"potentialAction\":[{\"@type\":\"ReadAction\",\"target\":[\"https:\/\/polsolide-housing.nl\/zarzadzanie\/\"]}]},{\"@type\":\"BreadcrumbList\",\"@id\":\"https:\/\/polsolide-housing.nl\/zarzadzanie\/#breadcrumb\",\"itemListElement\":[{\"@type\":\"ListItem\",\"position\":1,\"name\":\"Strona g\u0142\u00f3wna\",\"item\":\"https:\/\/polsolide-housing.nl\/\"},{\"@type\":\"ListItem\",\"position\":2,\"name\":\"Zarz\u0105dzanie\"}]},{\"@type\":\"WebSite\",\"@id\":\"https:\/\/polsolide-housing.nl\/#website\",\"url\":\"https:\/\/polsolide-housing.nl\/\",\"name\":\"POLSOLIDE Housing in Netherlands\",\"description\":\"\",\"potentialAction\":[{\"@type\":\"SearchAction\",\"target\":{\"@type\":\"EntryPoint\",\"urlTemplate\":\"https:\/\/polsolide-housing.nl\/?s={search_term_string}\"},\"query-input\":{\"@type\":\"PropertyValueSpecification\",\"valueRequired\":true,\"valueName\":\"search_term_string\"}}],\"inLanguage\":\"en-GB\"}]}<\/script>\n<!-- \/ Yoast SEO plugin. -->","yoast_head_json":{"title":"Property Management in the Netherlands | Rent Guarantee","description":"Do you have a property in the Netherlands? Outsource the management to us. We offer a rent guarantee, full maintenance and adaptation to SNF standards.","robots":{"index":"index","follow":"follow","max-snippet":"max-snippet:-1","max-image-preview":"max-image-preview:large","max-video-preview":"max-video-preview:-1"},"canonical":"https:\/\/polsolide-housing.nl\/en\/property-management\/","og_locale":"en_GB","og_type":"article","og_title":"Zarz\u0105dzanie Nieruchomo\u015bciami w Holandii | Gwarancja Czynszu","og_description":"Masz nieruchomo\u015b\u0107 w Holandii? Zle\u0107 nam zarz\u0105dzanie. Oferujemy gwarancj\u0119 czynszu, pe\u0142n\u0105 obs\u0142ug\u0119 techniczn\u0105 i dostosowanie do norm SNF.","og_url":"https:\/\/polsolide-housing.nl\/en\/property-management\/","og_site_name":"POLSOLIDE Housing in Netherlands","article_modified_time":"2026-02-06T06:30:44+00:00","twitter_card":"summary_large_image","twitter_misc":{"Estimated reading time":"18 minutes"},"schema":{"@context":"https:\/\/schema.org","@graph":[{"@type":"WebPage","@id":"https:\/\/polsolide-housing.nl\/zarzadzanie\/","url":"https:\/\/polsolide-housing.nl\/zarzadzanie\/","name":"Property Management in the Netherlands | Rent Guarantee","isPartOf":{"@id":"https:\/\/polsolide-housing.nl\/#website"},"datePublished":"2026-01-16T15:36:07+00:00","dateModified":"2026-02-06T06:30:44+00:00","description":"Do you have a property in the Netherlands? Outsource the management to us. We offer a rent guarantee, full maintenance and adaptation to SNF standards.","breadcrumb":{"@id":"https:\/\/polsolide-housing.nl\/zarzadzanie\/#breadcrumb"},"inLanguage":"en-GB","potentialAction":[{"@type":"ReadAction","target":["https:\/\/polsolide-housing.nl\/zarzadzanie\/"]}]},{"@type":"BreadcrumbList","@id":"https:\/\/polsolide-housing.nl\/zarzadzanie\/#breadcrumb","itemListElement":[{"@type":"ListItem","position":1,"name":"Strona g\u0142\u00f3wna","item":"https:\/\/polsolide-housing.nl\/"},{"@type":"ListItem","position":2,"name":"Zarz\u0105dzanie"}]},{"@type":"WebSite","@id":"https:\/\/polsolide-housing.nl\/#website","url":"https:\/\/polsolide-housing.nl\/","name":"POLSOLIDE Housing in Netherlands","description":"","potentialAction":[{"@type":"SearchAction","target":{"@type":"EntryPoint","urlTemplate":"https:\/\/polsolide-housing.nl\/?s={search_term_string}"},"query-input":{"@type":"PropertyValueSpecification","valueRequired":true,"valueName":"search_term_string"}}],"inLanguage":"en-GB"}]}},"_links":{"self":[{"href":"https:\/\/polsolide-housing.nl\/en\/wp-json\/wp\/v2\/pages\/428","targetHints":{"allow":["GET"]}}],"collection":[{"href":"https:\/\/polsolide-housing.nl\/en\/wp-json\/wp\/v2\/pages"}],"about":[{"href":"https:\/\/polsolide-housing.nl\/en\/wp-json\/wp\/v2\/types\/page"}],"author":[{"embeddable":true,"href":"https:\/\/polsolide-housing.nl\/en\/wp-json\/wp\/v2\/users\/1"}],"replies":[{"embeddable":true,"href":"https:\/\/polsolide-housing.nl\/en\/wp-json\/wp\/v2\/comments?post=428"}],"version-history":[{"count":7,"href":"https:\/\/polsolide-housing.nl\/en\/wp-json\/wp\/v2\/pages\/428\/revisions"}],"predecessor-version":[{"id":612,"href":"https:\/\/polsolide-housing.nl\/en\/wp-json\/wp\/v2\/pages\/428\/revisions\/612"}],"wp:attachment":[{"href":"https:\/\/polsolide-housing.nl\/en\/wp-json\/wp\/v2\/media?parent=428"}],"curies":[{"name":"wp","href":"https:\/\/api.w.org\/{rel}","templated":true}]}}